{"id":501,"date":"2022-04-25T22:53:56","date_gmt":"2022-04-25T20:53:56","guid":{"rendered":"https:\/\/www.boi2022.de\/?page_id=501"},"modified":"2022-04-25T22:53:56","modified_gmt":"2022-04-25T20:53:56","slug":"venue","status":"publish","type":"page","link":"https:\/\/www.boi2022.de\/index.php\/venue\/","title":{"rendered":"Venue"},"content":{"rendered":"\n<h2>Accommodation<\/h2>\n\n\n\n<p><a href=\"https:\/\/www.jugendherberge.de\/jugendherbergen\/luebeck-burgtor-536\/lage-und-anreise\/\">Jugendherberge L\u00fcbeck \u201cVor dem Burgtor\u201d<\/a> <br>Am Gertrudenkirchhof 4<br>23568 L\u00fcbeck <br>Phone: +49 451 33433<\/p>\n\n\n\n<h2>Contest Site<\/h2>\n\n\n\n<p>University of L\u00fcbeck<br><a href=\"http:\/\/www.tcs.uni-luebeck.de\">Institute for Theoretical Computer Science<\/a><br>Ratzeburger Allee 160 (Building 64)<br>23562 L\u00fcbeck<\/p>\n","protected":false},"excerpt":{"rendered":"<p>Accommodation Jugendherberge L\u00fcbeck \u201cVor dem Burgtor\u201d Am Gertrudenkirchhof 423568 L\u00fcbeck Phone: +49 451 33433 Contest Site University of L\u00fcbeckInstitute for Theoretical Computer ScienceRatzeburger Allee 160 (Building 64)23562 L\u00fcbeck<\/p>\n","protected":false},"author":1,"featured_media":0,"parent":0,"menu_order":0,"comment_status":"closed","ping_status":"closed","template":"","meta":{"neve_meta_sidebar":"full-width","neve_meta_container":"","neve_meta_enable_content_width":"on","neve_meta_content_width":100,"neve_meta_title_alignment":"","neve_meta_author_avatar":"","neve_post_elements_order":"","neve_meta_disable_header":"","neve_meta_disable_footer":"","neve_meta_disable_title":""},"_links":{"self":[{"href":"https:\/\/www.boi2022.de\/index.php\/wp-json\/wp\/v2\/pages\/501"}],"collection":[{"href":"https:\/\/www.boi2022.de\/index.php\/wp-json\/wp\/v2\/pages"}],"about":[{"href":"https:\/\/www.boi2022.de\/index.php\/wp-json\/wp\/v2\/types\/page"}],"author":[{"embeddable":true,"href":"https:\/\/www.boi2022.de\/index.php\/wp-json\/wp\/v2\/users\/1"}],"replies":[{"embeddable":true,"href":"https:\/\/www.boi2022.de\/index.php\/wp-json\/wp\/v2\/comments?post=501"}],"version-history":[{"count":1,"href":"https:\/\/www.boi2022.de\/index.php\/wp-json\/wp\/v2\/pages\/501\/revisions"}],"predecessor-version":[{"id":502,"href":"https:\/\/www.boi2022.de\/index.php\/wp-json\/wp\/v2\/pages\/501\/revisions\/502"}],"wp:attachment":[{"href":"https:\/\/www.boi2022.de\/index.php\/wp-json\/wp\/v2\/media?parent=501"}],"curies":[{"name":"wp","href":"https:\/\/api.w.org\/{rel}","templated":true}]}}