{"id":186,"date":"2021-03-30T14:41:24","date_gmt":"2021-03-30T12:41:24","guid":{"rendered":"https:\/\/www.boi2022.de\/?page_id=186"},"modified":"2022-03-29T14:42:36","modified_gmt":"2022-03-29T12:42:36","slug":"partners","status":"publish","type":"page","link":"https:\/\/www.boi2022.de\/index.php\/partners\/","title":{"rendered":"Partners"},"content":{"rendered":"\n<div class=\"wp-block-cover alignfull\"><span aria-hidden=\"true\" class=\"has-nv-site-bg-background-color has-background-dim-100 wp-block-cover__gradient-background has-background-dim\"><\/span><div class=\"wp-block-cover__inner-container\">\n<p class=\"has-neve-text-color-color has-text-color\">The core organizers of BOI 2022 are:<\/p>\n\n\n\n<div class=\"is-layout-flex wp-container-3 wp-block-columns\">\n<div class=\"is-layout-flow wp-block-column\">\n<h3 class=\"has-neve-text-color-color has-text-color\">Bundesweite Informatikwettbewerbe<\/h3>\n\n\n\n<figure class=\"wp-block-image size-large is-resized\"><a href=\"https:\/\/bwinf.de\"><img decoding=\"async\" loading=\"lazy\" src=\"https:\/\/www.boi2022.de\/wp-content\/uploads\/2021\/03\/BWINF_Internet_Logo-1024x675.png\" alt=\"\" class=\"wp-image-229\" width=\"474\" height=\"313\" srcset=\"https:\/\/www.boi2022.de\/wp-content\/uploads\/2021\/03\/BWINF_Internet_Logo-1024x675.png 1024w, https:\/\/www.boi2022.de\/wp-content\/uploads\/2021\/03\/BWINF_Internet_Logo-300x198.png 300w, https:\/\/www.boi2022.de\/wp-content\/uploads\/2021\/03\/BWINF_Internet_Logo-768x507.png 768w, https:\/\/www.boi2022.de\/wp-content\/uploads\/2021\/03\/BWINF_Internet_Logo.png 1140w\" sizes=\"(max-width: 474px) 100vw, 474px\" \/><\/a><\/figure>\n<\/div>\n\n\n\n<div class=\"is-layout-flow wp-block-column\">\n<h3 class=\"has-neve-text-color-color has-text-color\">Institut f\u00fcr Theoretische Informatik (TCS)<br>der Universit\u00e4t zu L\u00fcbeck<\/h3>\n\n\n\n<figure class=\"wp-block-image size-large\"><a href=\"https:\/\/www.tcs.uni-luebeck.de\/\"><img decoding=\"async\" loading=\"lazy\" width=\"425\" height=\"283\" src=\"https:\/\/www.boi2022.de\/wp-content\/uploads\/2021\/03\/tcslogo.png\" alt=\"\" class=\"wp-image-230\" srcset=\"https:\/\/www.boi2022.de\/wp-content\/uploads\/2021\/03\/tcslogo.png 425w, https:\/\/www.boi2022.de\/wp-content\/uploads\/2021\/03\/tcslogo-300x200.png 300w\" sizes=\"(max-width: 425px) 100vw, 425px\" \/><\/a><\/figure>\n<\/div>\n<\/div>\n\n\n\n<p class=\"has-neve-text-color-color has-text-color\">We are proud to closely cooperate with these partners:<\/p>\n\n\n\n<div class=\"is-layout-flex wp-container-7 wp-block-columns\">\n<div class=\"is-layout-flow wp-block-column is-vertically-aligned-top\">\n<h3 class=\"has-neve-text-color-color has-text-color\">Technische Hochschule<br>L\u00fcbeck<\/h3>\n\n\n\n<figure class=\"wp-block-image size-full\"><img decoding=\"async\" loading=\"lazy\" width=\"339\" height=\"120\" src=\"https:\/\/www.boi2022.de\/wp-content\/uploads\/2022\/03\/TH_Logo_A4_RGB@3x.png\" alt=\"\" class=\"wp-image-458\" srcset=\"https:\/\/www.boi2022.de\/wp-content\/uploads\/2022\/03\/TH_Logo_A4_RGB@3x.png 339w, https:\/\/www.boi2022.de\/wp-content\/uploads\/2022\/03\/TH_Logo_A4_RGB@3x-300x106.png 300w\" sizes=\"(max-width: 339px) 100vw, 339px\" \/><\/figure>\n<\/div>\n\n\n\n<div class=\"is-layout-flow wp-block-column\">\n<h3 class=\"has-neve-text-color-color has-text-color\">Musikhochschule <br>L\u00fcbeck<\/h3>\n\n\n\n<figure class=\"wp-block-image size-full\"><img decoding=\"async\" loading=\"lazy\" width=\"328\" height=\"120\" src=\"https:\/\/www.boi2022.de\/wp-content\/uploads\/2022\/03\/MHL_Logo_tuerkis_120620-1.png\" alt=\"\" class=\"wp-image-464\" srcset=\"https:\/\/www.boi2022.de\/wp-content\/uploads\/2022\/03\/MHL_Logo_tuerkis_120620-1.png 328w, https:\/\/www.boi2022.de\/wp-content\/uploads\/2022\/03\/MHL_Logo_tuerkis_120620-1-300x110.png 300w\" sizes=\"(max-width: 328px) 100vw, 328px\" \/><\/figure>\n<\/div>\n\n\n\n<div class=\"is-layout-flow wp-block-column\">\n<h3 class=\"has-neve-text-color-color has-text-color\">Johanneum <br>zu L\u00fcbeck<\/h3>\n\n\n\n<figure class=\"wp-block-image size-full is-resized\"><img decoding=\"async\" loading=\"lazy\" src=\"https:\/\/www.boi2022.de\/wp-content\/uploads\/2022\/03\/johanneum-bg@1.1x.png\" alt=\"\" class=\"wp-image-460\" width=\"324\" height=\"94\" srcset=\"https:\/\/www.boi2022.de\/wp-content\/uploads\/2022\/03\/johanneum-bg@1.1x.png 308w, https:\/\/www.boi2022.de\/wp-content\/uploads\/2022\/03\/johanneum-bg@1.1x-300x86.png 300w\" sizes=\"(max-width: 324px) 100vw, 324px\" \/><\/figure>\n<\/div>\n<\/div>\n<\/div><\/div>\n\n\n\n<p><\/p>\n","protected":false},"excerpt":{"rendered":"","protected":false},"author":1,"featured_media":0,"parent":0,"menu_order":0,"comment_status":"closed","ping_status":"closed","template":"","meta":{"neve_meta_sidebar":"full-width","neve_meta_container":"","neve_meta_enable_content_width":"on","neve_meta_content_width":100,"neve_meta_title_alignment":"","neve_meta_author_avatar":"","neve_post_elements_order":"","neve_meta_disable_header":"","neve_meta_disable_footer":"","neve_meta_disable_title":""},"_links":{"self":[{"href":"https:\/\/www.boi2022.de\/index.php\/wp-json\/wp\/v2\/pages\/186"}],"collection":[{"href":"https:\/\/www.boi2022.de\/index.php\/wp-json\/wp\/v2\/pages"}],"about":[{"href":"https:\/\/www.boi2022.de\/index.php\/wp-json\/wp\/v2\/types\/page"}],"author":[{"embeddable":true,"href":"https:\/\/www.boi2022.de\/index.php\/wp-json\/wp\/v2\/users\/1"}],"replies":[{"embeddable":true,"href":"https:\/\/www.boi2022.de\/index.php\/wp-json\/wp\/v2\/comments?post=186"}],"version-history":[{"count":9,"href":"https:\/\/www.boi2022.de\/index.php\/wp-json\/wp\/v2\/pages\/186\/revisions"}],"predecessor-version":[{"id":465,"href":"https:\/\/www.boi2022.de\/index.php\/wp-json\/wp\/v2\/pages\/186\/revisions\/465"}],"wp:attachment":[{"href":"https:\/\/www.boi2022.de\/index.php\/wp-json\/wp\/v2\/media?parent=186"}],"curies":[{"name":"wp","href":"https:\/\/api.w.org\/{rel}","templated":true}]}}